{"id":44,"date":"2020-05-08T20:27:15","date_gmt":"2020-05-08T20:27:15","guid":{"rendered":"https:\/\/pittner-gruppe.de\/?page_id=44"},"modified":"2023-10-09T10:44:04","modified_gmt":"2023-10-09T10:44:04","slug":"startseite","status":"publish","type":"page","link":"https:\/\/pittner-gruppe.de\/","title":{"rendered":"Startseite"},"content":{"rendered":"<section class=\"l-section wpb_row height_full valign_center\"><div class=\"l-section-h i-cf\"><div class=\"g-cols vc_row type_default valign_top\"><div class=\"vc_col-sm-12 wpb_column vc_column_container\"><div class=\"vc_column-inner\"><div class=\"wpb_wrapper\">[vc_custom_heading text=&#8220;P I T T N E R &#8211; G R U P P E&#8220; font_container=&#8220;tag:h2|text_align:center&#8220; google_fonts=&#8220;font_family:Archivo%20Narrow%3Aregular%2Citalic%2C700%2C700italic|font_style:400%20regular%3A400%3Anormal&#8220;]<div class=\"w-separator size_small with_line width_50 thick_1 style_solid color_border align_center\"><div class=\"w-separator-h\"><\/div><\/div><div class=\"g-cols wpb_row  type_default valign_top vc_inner\"><div class=\"vc_col-sm-4 wpb_column vc_column_container animate_afb\" style=\"animation-delay:0.5s\"><div class=\"vc_column-inner\"><div class=\"wpb_wrapper\"><div class=\"w-image align_none\"><div class=\"w-image-h\"><img loading=\"lazy\" decoding=\"async\" width=\"1024\" height=\"677\" src=\"https:\/\/pittner-gruppe.de\/wp-content\/uploads\/2020\/05\/pax_retro-1024x677.jpg\" class=\"attachment-large size-large\" alt=\"\" srcset=\"https:\/\/pittner-gruppe.de\/wp-content\/uploads\/2020\/05\/pax_retro-1024x677.jpg 1024w, https:\/\/pittner-gruppe.de\/wp-content\/uploads\/2020\/05\/pax_retro-300x198.jpg 300w, https:\/\/pittner-gruppe.de\/wp-content\/uploads\/2020\/05\/pax_retro.jpg 1970w\" sizes=\"auto, (max-width: 1024px) 100vw, 1024px\" \/><\/div><\/div><div class=\"w-person us_custom_df11daf6 layout_cards with_desc with_socials\" itemscope itemtype=\"https:\/\/schema.org\/Person\"><div class=\"w-person-image\"><img loading=\"lazy\" decoding=\"async\" width=\"424\" height=\"303\" src=\"https:\/\/pittner-gruppe.de\/wp-content\/uploads\/2020\/05\/pittnerFenster-1.png\" class=\"attachment-full size-full\" alt=\"\" srcset=\"https:\/\/pittner-gruppe.de\/wp-content\/uploads\/2020\/05\/pittnerFenster-1.png 424w, https:\/\/pittner-gruppe.de\/wp-content\/uploads\/2020\/05\/pittnerFenster-1-300x214.png 300w\" sizes=\"auto, (max-width: 424px) 100vw, 424px\" \/><\/div><div class=\"w-person-content\"><div class=\"w-person-links\"><div class=\"w-person-links-list\"><a class=\"w-person-links-item type_email\" title=\"E-Mail-Adresse\" href=\"mailto:info@pittner-fenster.de\"><i class=\"fas fa-envelope\"><\/i><\/a><a class=\"w-person-links-item type_custom\" href=\"https:\/\/www.pittner-fenster.de\/\" target=\"_blank\" rel=\"noopener\" aria-label=\"fas|door-open\"><i class=\"fas fa-door-open\"><\/i><\/a><\/div><\/div><div class=\"w-person-description\" itemprop=\"description\"><p>Ihr Partner f\u00fcr Neubau und Altbausanierung in Ingelheim und Umgebung.<\/p>\n<\/div><\/div><\/div><\/div><\/div><\/div><div class=\"vc_col-sm-4 wpb_column vc_column_container animate_afb\" style=\"animation-delay:1s\"><div class=\"vc_column-inner\"><div class=\"wpb_wrapper\"><div class=\"w-image align_none\"><div class=\"w-image-h\"><img loading=\"lazy\" decoding=\"async\" width=\"1024\" height=\"683\" src=\"https:\/\/pittner-gruppe.de\/wp-content\/uploads\/2020\/05\/einbruch.de_-1024x683.jpg\" class=\"attachment-large size-large\" alt=\"\" srcset=\"https:\/\/pittner-gruppe.de\/wp-content\/uploads\/2020\/05\/einbruch.de_-1024x683.jpg 1024w, https:\/\/pittner-gruppe.de\/wp-content\/uploads\/2020\/05\/einbruch.de_-300x200.jpg 300w\" sizes=\"auto, (max-width: 1024px) 100vw, 1024px\" \/><\/div><\/div><div class=\"w-person us_custom_6ea612ff layout_cards with_desc with_socials\" itemscope itemtype=\"https:\/\/schema.org\/Person\"><div class=\"w-person-image\"><img loading=\"lazy\" decoding=\"async\" width=\"1098\" height=\"738\" src=\"https:\/\/pittner-gruppe.de\/wp-content\/uploads\/2020\/05\/pittner_zfe_logo_quer.png\" class=\"attachment-full size-full\" alt=\"\" srcset=\"https:\/\/pittner-gruppe.de\/wp-content\/uploads\/2020\/05\/pittner_zfe_logo_quer.png 1098w, https:\/\/pittner-gruppe.de\/wp-content\/uploads\/2020\/05\/pittner_zfe_logo_quer-300x202.png 300w, https:\/\/pittner-gruppe.de\/wp-content\/uploads\/2020\/05\/pittner_zfe_logo_quer-1024x688.png 1024w\" sizes=\"auto, (max-width: 1098px) 100vw, 1098px\" \/><\/div><div class=\"w-person-content\"><div class=\"w-person-links\"><div class=\"w-person-links-list\"><a class=\"w-person-links-item type_email\" title=\"E-Mail-Adresse\" href=\"mailto:info@pittner-fenster.de\"><i class=\"fas fa-envelope\"><\/i><\/a><a class=\"w-person-links-item type_custom\" href=\"https:\/\/www.einbruchschutz-ingelheim.de\/\" target=\"_blank\" rel=\"noopener\" aria-label=\"fas|door-open\"><i class=\"fas fa-door-open\"><\/i><\/a><\/div><\/div><div class=\"w-person-description\" itemprop=\"description\"><p>Zentrum f\u00fcr Einbruchschutz anl\u00e4sslich der bundesweiten Polizei-Kampagne.<\/p>\n<\/div><\/div><\/div><\/div><\/div><\/div><div class=\"vc_col-sm-4 wpb_column vc_column_container animate_afb\" style=\"animation-delay:2s\"><div class=\"vc_column-inner\"><div class=\"wpb_wrapper\"><div class=\"w-image align_none\"><div class=\"w-image-h\"><img loading=\"lazy\" decoding=\"async\" width=\"1024\" height=\"682\" src=\"https:\/\/pittner-gruppe.de\/wp-content\/uploads\/2020\/05\/0H4A7470_1d-1024x682.jpg\" class=\"attachment-large size-large\" alt=\"\" srcset=\"https:\/\/pittner-gruppe.de\/wp-content\/uploads\/2020\/05\/0H4A7470_1d-1024x682.jpg 1024w, https:\/\/pittner-gruppe.de\/wp-content\/uploads\/2020\/05\/0H4A7470_1d-300x200.jpg 300w\" sizes=\"auto, (max-width: 1024px) 100vw, 1024px\" \/><\/div><\/div><div class=\"w-person us_custom_df11daf6 layout_cards with_desc with_socials\" itemscope itemtype=\"https:\/\/schema.org\/Person\"><div class=\"w-person-image\"><img loading=\"lazy\" decoding=\"async\" width=\"665\" height=\"142\" src=\"https:\/\/pittner-gruppe.de\/wp-content\/uploads\/2020\/05\/wohnwerk_klein.png\" class=\"attachment-full size-full\" alt=\"\" srcset=\"https:\/\/pittner-gruppe.de\/wp-content\/uploads\/2020\/05\/wohnwerk_klein.png 665w, https:\/\/pittner-gruppe.de\/wp-content\/uploads\/2020\/05\/wohnwerk_klein-300x64.png 300w\" sizes=\"auto, (max-width: 665px) 100vw, 665px\" \/><\/div><div class=\"w-person-content\"><div class=\"w-person-links\"><div class=\"w-person-links-list\"><a class=\"w-person-links-item type_email\" title=\"E-Mail-Adresse\" href=\"mailto:info@wohnwerk-ingelheim.de\"><i class=\"fas fa-envelope\"><\/i><\/a><a class=\"w-person-links-item type_custom\" href=\"https:\/\/wohnwerk-ingelheim.de\/\" target=\"_blank\" rel=\"noopener\" aria-label=\"fas|door-open\"><i class=\"fas fa-door-open\"><\/i><\/a><\/div><\/div><div class=\"w-person-description\" itemprop=\"description\"><p>Finden Sie mit uns Ihre perfekte Wohnung in Ingelheim und Umgebung.<\/p>\n<\/div><\/div><\/div><\/div><\/div><\/div><\/div><div class=\"w-separator size_medium with_line width_50 thick_1 style_solid color_border align_center\"><div class=\"w-separator-h\"><\/div><\/div><\/div><\/div><\/div><\/div><\/div><\/section>\n","protected":false},"excerpt":{"rendered":"[vc_custom_heading text=\"P I T T N E R - G R U P P E\" font_container=\"tag:h2|text_align:center\" google_fonts=\"font_family:Archivo%20Narrow%3Aregular%2Citalic%2C700%2C700italic|font_style:400%20regular%3A400%3Anormal\"]Ihr Partner f\u00fcr Neubau und Altbausanierung in Ingelheim und Umgebung. Zentrum f\u00fcr Einbruchschutz anl\u00e4sslich der bundesweiten Polizei-Kampagne. Finden Sie mit uns Ihre perfekte Wohnung in Ingelheim und Umgebung.","protected":false},"author":1,"featured_media":0,"parent":0,"menu_order":0,"comment_status":"closed","ping_status":"closed","template":"","meta":{"footnotes":""},"class_list":["post-44","page","type-page","status-publish","hentry"],"yoast_head":"<!-- This site is optimized with the Yoast SEO plugin v26.2 - https:\/\/yoast.com\/wordpress\/plugins\/seo\/ -->\n<title>Startseite - Pittner-Gruppe<\/title>\n<meta name=\"robots\" content=\"index, follow, max-snippet:-1, max-image-preview:large, max-video-preview:-1\" \/>\n<link rel=\"canonical\" href=\"https:\/\/pittner-gruppe.de\/\" \/>\n<meta property=\"og:locale\" content=\"de_DE\" \/>\n<meta property=\"og:type\" content=\"article\" \/>\n<meta property=\"og:title\" content=\"Startseite - Pittner-Gruppe\" \/>\n<meta property=\"og:url\" content=\"https:\/\/pittner-gruppe.de\/\" \/>\n<meta property=\"og:site_name\" content=\"Pittner-Gruppe\" \/>\n<meta property=\"article:modified_time\" content=\"2023-10-09T10:44:04+00:00\" \/>\n<meta name=\"twitter:card\" content=\"summary_large_image\" \/>\n<meta name=\"twitter:label1\" content=\"Gesch\u00e4tzte Lesezeit\" \/>\n\t<meta name=\"twitter:data1\" content=\"1\u00a0Minute\" \/>\n<script type=\"application\/ld+json\" class=\"yoast-schema-graph\">{\"@context\":\"https:\/\/schema.org\",\"@graph\":[{\"@type\":\"WebPage\",\"@id\":\"https:\/\/pittner-gruppe.de\/\",\"url\":\"https:\/\/pittner-gruppe.de\/\",\"name\":\"Startseite - Pittner-Gruppe\",\"isPartOf\":{\"@id\":\"https:\/\/pittner-gruppe.de\/#website\"},\"datePublished\":\"2020-05-08T20:27:15+00:00\",\"dateModified\":\"2023-10-09T10:44:04+00:00\",\"breadcrumb\":{\"@id\":\"https:\/\/pittner-gruppe.de\/#breadcrumb\"},\"inLanguage\":\"de\",\"potentialAction\":[{\"@type\":\"ReadAction\",\"target\":[\"https:\/\/pittner-gruppe.de\/\"]}]},{\"@type\":\"BreadcrumbList\",\"@id\":\"https:\/\/pittner-gruppe.de\/#breadcrumb\",\"itemListElement\":[{\"@type\":\"ListItem\",\"position\":1,\"name\":\"Home\",\"item\":\"https:\/\/pittner-gruppe.de\/\"},{\"@type\":\"ListItem\",\"position\":2,\"name\":\"Startseite\"}]},{\"@type\":\"WebSite\",\"@id\":\"https:\/\/pittner-gruppe.de\/#website\",\"url\":\"https:\/\/pittner-gruppe.de\/\",\"name\":\"Pittner-Gruppe\",\"description\":\"aus Ingelheim\",\"potentialAction\":[{\"@type\":\"SearchAction\",\"target\":{\"@type\":\"EntryPoint\",\"urlTemplate\":\"https:\/\/pittner-gruppe.de\/?s={search_term_string}\"},\"query-input\":{\"@type\":\"PropertyValueSpecification\",\"valueRequired\":true,\"valueName\":\"search_term_string\"}}],\"inLanguage\":\"de\"}]}<\/script>\n<!-- \/ Yoast SEO plugin. -->","yoast_head_json":{"title":"Startseite - Pittner-Gruppe","robots":{"index":"index","follow":"follow","max-snippet":"max-snippet:-1","max-image-preview":"max-image-preview:large","max-video-preview":"max-video-preview:-1"},"canonical":"https:\/\/pittner-gruppe.de\/","og_locale":"de_DE","og_type":"article","og_title":"Startseite - Pittner-Gruppe","og_url":"https:\/\/pittner-gruppe.de\/","og_site_name":"Pittner-Gruppe","article_modified_time":"2023-10-09T10:44:04+00:00","twitter_card":"summary_large_image","twitter_misc":{"Gesch\u00e4tzte Lesezeit":"1\u00a0Minute"},"schema":{"@context":"https:\/\/schema.org","@graph":[{"@type":"WebPage","@id":"https:\/\/pittner-gruppe.de\/","url":"https:\/\/pittner-gruppe.de\/","name":"Startseite - Pittner-Gruppe","isPartOf":{"@id":"https:\/\/pittner-gruppe.de\/#website"},"datePublished":"2020-05-08T20:27:15+00:00","dateModified":"2023-10-09T10:44:04+00:00","breadcrumb":{"@id":"https:\/\/pittner-gruppe.de\/#breadcrumb"},"inLanguage":"de","potentialAction":[{"@type":"ReadAction","target":["https:\/\/pittner-gruppe.de\/"]}]},{"@type":"BreadcrumbList","@id":"https:\/\/pittner-gruppe.de\/#breadcrumb","itemListElement":[{"@type":"ListItem","position":1,"name":"Home","item":"https:\/\/pittner-gruppe.de\/"},{"@type":"ListItem","position":2,"name":"Startseite"}]},{"@type":"WebSite","@id":"https:\/\/pittner-gruppe.de\/#website","url":"https:\/\/pittner-gruppe.de\/","name":"Pittner-Gruppe","description":"aus Ingelheim","potentialAction":[{"@type":"SearchAction","target":{"@type":"EntryPoint","urlTemplate":"https:\/\/pittner-gruppe.de\/?s={search_term_string}"},"query-input":{"@type":"PropertyValueSpecification","valueRequired":true,"valueName":"search_term_string"}}],"inLanguage":"de"}]}},"_links":{"self":[{"href":"https:\/\/pittner-gruppe.de\/index.php\/wp-json\/wp\/v2\/pages\/44","targetHints":{"allow":["GET"]}}],"collection":[{"href":"https:\/\/pittner-gruppe.de\/index.php\/wp-json\/wp\/v2\/pages"}],"about":[{"href":"https:\/\/pittner-gruppe.de\/index.php\/wp-json\/wp\/v2\/types\/page"}],"author":[{"embeddable":true,"href":"https:\/\/pittner-gruppe.de\/index.php\/wp-json\/wp\/v2\/users\/1"}],"replies":[{"embeddable":true,"href":"https:\/\/pittner-gruppe.de\/index.php\/wp-json\/wp\/v2\/comments?post=44"}],"version-history":[{"count":61,"href":"https:\/\/pittner-gruppe.de\/index.php\/wp-json\/wp\/v2\/pages\/44\/revisions"}],"predecessor-version":[{"id":161,"href":"https:\/\/pittner-gruppe.de\/index.php\/wp-json\/wp\/v2\/pages\/44\/revisions\/161"}],"wp:attachment":[{"href":"https:\/\/pittner-gruppe.de\/index.php\/wp-json\/wp\/v2\/media?parent=44"}],"curies":[{"name":"wp","href":"https:\/\/api.w.org\/{rel}","templated":true}]}}